{"id":1432,"date":"2021-01-20T18:01:51","date_gmt":"2021-01-20T09:01:51","guid":{"rendered":"https:\/\/saidasekizai.com\/attivita\/"},"modified":"2021-01-20T18:01:57","modified_gmt":"2021-01-20T09:01:57","slug":"attivita","status":"publish","type":"page","link":"https:\/\/saidasekizai.com\/it\/attivita\/","title":{"rendered":"Attivit\u00e0"},"content":{"rendered":"\n<p>Saita Stone Store \u00e8 impegnata in varie attivit\u00e0 attraverso la lavorazione e la vendita di materiali lapidei. Qui, introdurremo queste attivit\u00e0.<\/p>\n\n\n<div class=\"su-posts su-posts-teaser-loop\">\n\t\t\t<p class=\"su-posts-not-found\">Posts not found<\/p>\n\t<\/div>\n\n","protected":false},"excerpt":{"rendered":"<p>Saita Stone Store \u00e8 impegnata in varie attivit\u00e0 attraverso la lavorazione e la vendita di materiali lapidei. Qui, introdurremo queste attivit\u00e0.<\/p>\n","protected":false},"author":1,"featured_media":1455,"parent":0,"menu_order":0,"comment_status":"closed","ping_status":"closed","template":"templates\/template-cover.php","meta":{"_mi_skip_tracking":false,"_monsterinsights_sitenote_active":false,"_monsterinsights_sitenote_note":"","_monsterinsights_sitenote_category":0},"_links":{"self":[{"href":"https:\/\/saidasekizai.com\/it\/wp-json\/wp\/v2\/pages\/1432"}],"collection":[{"href":"https:\/\/saidasekizai.com\/it\/wp-json\/wp\/v2\/pages"}],"about":[{"href":"https:\/\/saidasekizai.com\/it\/wp-json\/wp\/v2\/types\/page"}],"author":[{"embeddable":true,"href":"https:\/\/saidasekizai.com\/it\/wp-json\/wp\/v2\/users\/1"}],"replies":[{"embeddable":true,"href":"https:\/\/saidasekizai.com\/it\/wp-json\/wp\/v2\/comments?post=1432"}],"version-history":[{"count":7,"href":"https:\/\/saidasekizai.com\/it\/wp-json\/wp\/v2\/pages\/1432\/revisions"}],"predecessor-version":[{"id":1439,"href":"https:\/\/saidasekizai.com\/it\/wp-json\/wp\/v2\/pages\/1432\/revisions\/1439"}],"wp:featuredmedia":[{"embeddable":true,"href":"https:\/\/saidasekizai.com\/it\/wp-json\/wp\/v2\/media\/1455"}],"wp:attachment":[{"href":"https:\/\/saidasekizai.com\/it\/wp-json\/wp\/v2\/media?parent=1432"}],"curies":[{"name":"wp","href":"https:\/\/api.w.org\/{rel}","templated":true}]}}