{"id":808,"date":"2020-12-22T07:15:18","date_gmt":"2020-12-21T22:15:18","guid":{"rendered":"https:\/\/saidasekizai.com\/sul\/"},"modified":"2021-01-20T18:34:30","modified_gmt":"2021-01-20T09:34:30","slug":"sul","status":"publish","type":"page","link":"https:\/\/saidasekizai.com\/it\/sul\/","title":{"rendered":"sul"},"content":{"rendered":"\n<div class=\"wp-block-group alignwide\"><div class=\"wp-block-group__inner-container\">\n<h2 class=\"has-text-align-center has-large-font-size\">Artigiano<\/h2>\n\n\n\n<div class=\"wp-block-columns alignwide\">\n<div class=\"wp-block-column\">\n<div class=\"wp-block-image is-style-default\"><figure class=\"aligncenter size-large\"><img loading=\"lazy\" width=\"400\" height=\"400\" src=\"https:\/\/saidasekizai.com\/wp-content\/uploads\/2020\/10\/prof_saida.jpg\" alt=\"\" class=\"wp-image-809\" srcset=\"https:\/\/saidasekizai.com\/wp-content\/uploads\/2020\/10\/prof_saida.jpg 400w, https:\/\/saidasekizai.com\/wp-content\/uploads\/2020\/10\/prof_saida-300x300.jpg 300w, https:\/\/saidasekizai.com\/wp-content\/uploads\/2020\/10\/prof_saida-150x150.jpg 150w\" sizes=\"(max-width: 400px) 100vw, 400px\" \/><figcaption>L&#8217;attuale proprietario, Saida Takaaki<\/figcaption><\/figure><\/div>\n\n\n\n<ul class=\"keireki\"><li>2005<ul><li>Conferimento della nomina di &#8220;Maestro di Primo Livello Abilitato alla Manifattura della Pietra&#8221; da parte del Ministro della Salute, del Lavoro e del Welfare<\/li><\/ul><\/li><li>2007<ul><li>Conferimento del Riconoscimento Pubblico di &#8220;Antica Bottega di Kyoto&#8221; da parte della Prefettura di Kyoto<\/li><\/ul><\/li><li>2008<ul><li>Conferimento del Riconoscimento Pubblico di &#8220;Antica Bottega di Kyoto&#8221; da parte della Prefettura di Kyoto<\/li><\/ul><\/li><li>2013<ul><li>Conferimento della nomina di &#8220;Maestro di Artigianato Tradizionale&#8221; da parte del Ministro dell&#8217;Economia, del Commercio e dell&#8217;Industria<\/li><\/ul><\/li><li>2020<ul><li>Restaurazione di una porzione delle pietre di pavimentazione della Sala della Fenice del Tempio Byodoin, Patrimonio UNESCO<\/li><\/ul><\/li><\/ul><\/div>\n\n\n\n<div class=\"wp-block-column\">\n<h2 class=\"has-text-align-left has-large-font-size\">La quinta generazione<\/h2>\n\n\n\n<p class=\"has-small-font-size\">Sono il quinto maestro di manifattura e scultura della pietra ad aver preso in gestione l&#8217;attivit\u00e0 di Saida Sekizaiten dopo la fondazione nel 1902. Oltre alla realizzazione, con martello giapponese e scalpello, di lanterne e artefatti in pietra nello stile di Kyoto, le mie specialit\u00e0 sono le opere di precisione che richiedono l&#8217;utilizzo di scalpelli particolarmente sottili. I ritocchi finali e l&#8217;ultima fase di lavorazione, quella che d\u00e0 all&#8217;opera un aspetto levigato dalle intemperie e che conferisce alle lanterne un&#8217;aria solenne, sono tecniche peculiari dell&#8217;artigianato di Kyoto che, usate in collaborazione con altre maestranze, danno vita a opere d&#8217;arte contemporanee. Grazie alla collaborazione con numerosi artigiani, artisti e designer mi occupo dello sviluppo dell&#8217;artigianato artistico tradizionale giapponese. Negli ultimi anni ho tenuto mostre e dimostrazioni di lavorazione delle lanterne negli Stati Uniti e in Italia, allargando la mia attivit\u00e0 oltre le frontiere nazionali e culturali.<\/p>\n\n\n\n<p><\/p>\n<\/div>\n<\/div>\n\n\n\n<p><\/p>\n<\/div><\/div>\n\n<div class=\"wp-block-group alignfull\"><div class=\"wp-block-group__inner-container\">\n<h2 class=\"has-text-align-left has-large-font-size\">Il simbolo<\/h2>\n\n\n\n<div class=\"wp-block-group\"><div class=\"wp-block-group__inner-container\">\n<div class=\"wp-block-image\"><figure class=\"aligncenter size-large\"><img loading=\"lazy\" width=\"300\" height=\"225\" src=\"https:\/\/saidasekizai.com\/wp-content\/uploads\/2020\/10\/saida_logoblack.png\" alt=\"\" class=\"wp-image-818\"\/><figcaption>Marchio registrato n\u00b0: 6085687<\/figcaption><\/figure><\/div>\n\n\n\n<p class=\"has-small-font-size\">Il logo della bottega ha al centro il carattere &#8220;\u672b&#8221;, iniziale del nome dell&#8217;artigiano fondatore, Suejir\u014d. L&#8217;ideaogramma \u00e8 circondato dal carattere &#8220;\u30a4&#8221; (si pronuncia &#8220;i&#8221;), ripetuto quattro (&#8220;shi&#8221; in giapponese) volte che nel complesso formano la parola &#8220;ishi&#8221;, che significa &#8220;pietra&#8221;. Unendo tutti questi elementi, si ottiene la parola &#8220;Ishimatsu&#8221;, presente sull&#8217;antica insegna del negozio.<\/p>\n<\/div><\/div>\n\n\n\n<p><\/p>\n<\/div><\/div>\n\n<div class=\"wp-block-group alignwide\"><div class=\"wp-block-group__inner-container\">\n<h2 class=\"has-text-align-center has-large-font-size\">Storia<\/h2>\n\n\n\n<div class=\"wp-block-cover alignfull has-background-dim-20 has-background-background-color has-background-dim\" style=\"background-image:url(https:\/\/saidasekizai.com\/wp-content\/uploads\/2020\/11\/kameoka.jpg)\"><div class=\"wp-block-cover__inner-container\">\n<p class=\"has-text-align-center has-normal-font-size\"><strong>a Kameoka<\/strong><\/p>\n<\/div><\/div>\n\n\n\n<p class=\"has-small-font-size\">\u00c8 il 1889 e, con il nuovo sistema di suddivisione territoriale, nei pressi di Kyoto nasce la cittadina di Sogabe, che riunisce sotto di s\u00e9 ben nove territori distinti, incluso il villaggio di H\u014dki. \u00c8 proprio in questo periodo che l&#8217;artigiano fondatore dell&#8217;azienda, Saida Suejir\u014d, inizia a cavare la cosiddetta &#8220;pietra di H\u014dki&#8221; dalle montagne della zona. (A dimostrazione di ci\u00f2, sono state conservate delle sculture con inciso l&#8217;anno di realizzazione, iscrizioni che hanno fatto meritare alla bottega, fondata nel 1902, il riconoscimento pubblico di &#8220;Antica Bottega di Kyoto&#8221;).<\/p>\n<\/div><\/div>\n\n<div class=\"wp-block-group alignfull\"><div class=\"wp-block-group__inner-container\">\n<h2 class=\"has-text-align-center\">Proprietari successivi<\/h2>\n\n\n\n<p class=\"has-text-align-center\">Tutte le generazioni di proprietari della Saida Sekizaiten<\/p>\n\n\n\n<div class=\"wp-block-columns alignfull\">\n<div class=\"wp-block-column\">\n<div class=\"wp-block-cover has-background-dim-0 has-background-dim\" style=\"background-image:url(https:\/\/saidasekizai.com\/wp-content\/uploads\/2020\/10\/saida_logoblack.png)\"><div class=\"wp-block-cover__inner-container\">\n<p class=\"has-text-align-center has-large-font-size\">Il fondatore Saida Suejir\u014d<\/p>\n<\/div><\/div>\n\n\n\n<p><\/p>\n<\/div>\n\n\n\n<div class=\"wp-block-column\">\n<div class=\"wp-block-cover has-background-dim-10 has-background-dim\" style=\"background-image:url(https:\/\/saidasekizai.com\/wp-content\/uploads\/2020\/11\/2nd.jpg);background-position:43% 36%\"><div class=\"wp-block-cover__inner-container\">\n<p class=\"has-text-align-center has-large-font-size\">Il secondo proprietario: Saida Umejir\u014d<\/p>\n<\/div><\/div>\n\n\n\n<p>Opera principale: Grande portale &#8220;torii&#8221; del tempio My\u014dkend\u014d, Osaka<\/p>\n\n\n\n<div style=\"height:100px\" aria-hidden=\"true\" class=\"wp-block-spacer\"><\/div>\n\n\n\n<div style=\"height:100px\" aria-hidden=\"true\" class=\"wp-block-spacer\"><\/div>\n<\/div>\n\n\n\n<div class=\"wp-block-column\">\n<div class=\"wp-block-cover has-background-dim-10 has-background-dim\" style=\"background-image:url(https:\/\/saidasekizai.com\/wp-content\/uploads\/2020\/11\/3rd.jpg);background-position:40% 47%\"><div class=\"wp-block-cover__inner-container\">\n<p class=\"has-text-align-center has-large-font-size\">Il terzo proprietario: Saida Shin&#8217;ichi<\/p>\n<\/div><\/div>\n\n\n\n<p>Opera principale: Lanterne &#8220;yuzuki&#8221; nel giardino in pietra del Parco K\u014dkoen, Castello di Himeji<\/p>\n\n\n\n<div style=\"height:100px\" aria-hidden=\"true\" class=\"wp-block-spacer\"><\/div>\n<\/div>\n\n\n\n<div class=\"wp-block-column\">\n<div class=\"wp-block-cover has-background-dim-10 has-background-dim\" style=\"background-image:url(https:\/\/saidasekizai.com\/wp-content\/uploads\/2020\/11\/4th.jpg);background-position:47% 29%\"><div class=\"wp-block-cover__inner-container\">\n<p class=\"has-text-align-center has-large-font-size\">Il quarto proprietario: Saida Minoru<\/p>\n<\/div><\/div>\n\n\n\n<p>Opere principali: Stupa del Setouchi Jakuch\u014d Jakuan Lanterne del Tempio D\u014dmy\u014dji<\/p>\n\n\n\n<div style=\"height:100px\" aria-hidden=\"true\" class=\"wp-block-spacer\"><\/div>\n<\/div>\n<\/div>\n<\/div><\/div>\n\n<div class=\"wp-block-group alignwide\"><div class=\"wp-block-group__inner-container\">\n<div style=\"height:100px\" aria-hidden=\"true\" class=\"wp-block-spacer\"><\/div>\n\n\n\n<h2 class=\"has-large-font-size\">Informazioni<\/h2>\n\n\n\n<figure class=\"wp-block-table alignwide table-drop\"><table><tbody><tr><th>\u5275\u696d<\/th><td>1902 (Anno 35 dell&#8217;Era Meiji)<\/td><\/tr><tr><th>\u5c4b\u53f7<\/th><td>Saidasekizai<\/td><\/tr><tr><th>\u73fe\u4f4f\u6240<\/th><td>Kyoto Prefecture Kameoka City Sogabe-cho Hoki Teraganawaichi 38-1<\/td><\/tr><tr><th>TEL<\/th><td>0771-22-0609<\/td><\/tr><tr><th>FAX<\/th><td>0771-20-2649<\/td><\/tr><tr><th>\u696d\u52d9\u5185\u5bb9<\/th><td>Costruzione di lanterne in stile antico, pietre tombali, sculture in pietra, realizzazione di pavimentazioni in pietra, costruzioni in pietra e posizionamento<\/td><\/tr><tr><th>\u8cc7\u683c<\/th><td>Maestro di Artigianato Tradizionale, Maestro di Primo Livello Abilitato alla Manifattura della Pietra, Maestro Artigiano Autorizzato di Prodotti Tradizionali di Kyoto (Kyomono), Intagliatore di Pietra<\/td><\/tr><\/tbody><\/table><\/figure>\n\n\n<p><\/p>\n<\/div><\/div>\n","protected":false},"excerpt":{"rendered":"","protected":false},"author":1,"featured_media":816,"parent":0,"menu_order":0,"comment_status":"closed","ping_status":"closed","template":"templates\/template-cover.php","meta":{"_mi_skip_tracking":false,"_monsterinsights_sitenote_active":false,"_monsterinsights_sitenote_note":"","_monsterinsights_sitenote_category":0},"_links":{"self":[{"href":"https:\/\/saidasekizai.com\/it\/wp-json\/wp\/v2\/pages\/808"}],"collection":[{"href":"https:\/\/saidasekizai.com\/it\/wp-json\/wp\/v2\/pages"}],"about":[{"href":"https:\/\/saidasekizai.com\/it\/wp-json\/wp\/v2\/types\/page"}],"author":[{"embeddable":true,"href":"https:\/\/saidasekizai.com\/it\/wp-json\/wp\/v2\/users\/1"}],"replies":[{"embeddable":true,"href":"https:\/\/saidasekizai.com\/it\/wp-json\/wp\/v2\/comments?post=808"}],"version-history":[{"count":11,"href":"https:\/\/saidasekizai.com\/it\/wp-json\/wp\/v2\/pages\/808\/revisions"}],"predecessor-version":[{"id":1450,"href":"https:\/\/saidasekizai.com\/it\/wp-json\/wp\/v2\/pages\/808\/revisions\/1450"}],"wp:featuredmedia":[{"embeddable":true,"href":"https:\/\/saidasekizai.com\/it\/wp-json\/wp\/v2\/media\/816"}],"wp:attachment":[{"href":"https:\/\/saidasekizai.com\/it\/wp-json\/wp\/v2\/media?parent=808"}],"curies":[{"name":"wp","href":"https:\/\/api.w.org\/{rel}","templated":true}]}}