{"id":927,"date":"2020-12-22T07:39:41","date_gmt":"2020-12-21T22:39:41","guid":{"rendered":"https:\/\/saidasekizai.com\/philosophy\/"},"modified":"2021-01-12T16:36:28","modified_gmt":"2021-01-12T07:36:28","slug":"philosophy","status":"publish","type":"page","link":"https:\/\/saidasekizai.com\/it\/philosophy\/","title":{"rendered":"Philosophy"},"content":{"rendered":"\n<div class=\"wp-block-group alignwide\"><div class=\"wp-block-group__inner-container\">\n<p class=\"has-text-align-center has-large-font-size\">Le nostre mani creano quello che le vostre mani usano<\/p>\n\n\n\n<p class=\"has-small-font-size\">Realizziamo tutto a mano. \u00c8 per questo che sappiamo infondere un senso di calore nella pietra, un materiale in genere duro e freddo.Noi di Saida Sekizaiten utilizziamo tecniche affinate durante la lunga storia della nostra attivit\u00e0 e ogni giorno ci cimentiamo in una sfida importante: quella di realizzare oggetti in pietra che possano accompagnare i nostri clienti in tutti i momenti della vita quotidiana.Gli ultimi ritocchi sono la nostra specialit\u00e0 perch\u00e9 conferiscono a ogni creazione l&#8217;aria di essere stata esposta a lungo alle intemperie. Non esitiamo a combinare materiali e tecnologie differenti affinch\u00e9 tutti possano riscoprire il fascino della pietra.&#8221;Le nostre mani creano quello che le vostre mani usano&#8221;. Lasciate che sia il lavoro delle nostre mani a raccontarvi la ricchezza semplice celata dentro ogni nostra creazione.<\/p>\n<\/div><\/div>\n\n<div class=\"wp-block-group alignwide\"><div class=\"wp-block-group__inner-container\"><\/div><\/div>\n\n<div class=\"wp-block-group alignfull\"><div class=\"wp-block-group__inner-container\">\n<h2>Informazioni sul materiale<\/h2>\n\n\n\n<p class=\"has-small-font-size\">La pietra \u00e8 un materiale solidificato dall&#8217;energia della Terra\u2026 Un&#8217;energia che ci impegnamo a valorizzare ogni giorno attraverso le nostre creazioni.<\/p>\n\n\n\n<div class=\"wp-block-columns alignfull\">\n<div class=\"wp-block-column\">\n<h2 class=\"has-secondary-color has-text-color has-normal-font-size\">Granito<\/h2>\n\n\n\n<div class=\"wp-block-media-text alignwide is-stacked-on-mobile\"><figure class=\"wp-block-media-text__media\"><img loading=\"lazy\" width=\"1024\" height=\"824\" src=\"https:\/\/saidasekizai.com\/wp-content\/uploads\/2020\/11\/granito-1024x824.jpg\" alt=\"\" class=\"wp-image-929\" srcset=\"https:\/\/saidasekizai.com\/wp-content\/uploads\/2020\/11\/granito-1024x824.jpg 1024w, https:\/\/saidasekizai.com\/wp-content\/uploads\/2020\/11\/granito-300x242.jpg 300w, https:\/\/saidasekizai.com\/wp-content\/uploads\/2020\/11\/granito-768x618.jpg 768w, https:\/\/saidasekizai.com\/wp-content\/uploads\/2020\/11\/granito-1536x1236.jpg 1536w, https:\/\/saidasekizai.com\/wp-content\/uploads\/2020\/11\/granito-1200x966.jpg 1200w, https:\/\/saidasekizai.com\/wp-content\/uploads\/2020\/11\/granito.jpg 1600w\" sizes=\"(max-width: 1024px) 100vw, 1024px\" \/><\/figure><div class=\"wp-block-media-text__content\">\n<p class=\"has-small-font-size\">\u00c8 una roccia cristallina, risultata dal raffreddamento e indurimento del magma sotterraneo che scorre negli strati pi\u00f9 profondi della crosta terrestre (ci sono varie teorie in merito). \u00c8 dura, resistente alle intemperie, pesante e, al confronto di altre rocce, ha una basso tasso di permeabilit\u00e0. Sin dall&#8217;antichit\u00e0, le particolarit\u00e0 di questa &#8220;pietra forte&#8221;, dalla durabilit\u00e0 eccezionale, sono state usate per la realizzazione di pietre miliari, portali shintoisti &#8220;torii&#8221; in pietra e muri di cinta.<\/p>\n<\/div><\/div>\n\n\n\n<p><\/p>\n<\/div>\n\n\n\n<div class=\"wp-block-column\">\n<h2 class=\"has-secondary-color has-text-color has-normal-font-size\">Arenaria<\/h2>\n\n\n\n<div class=\"wp-block-media-text alignwide is-stacked-on-mobile\"><figure class=\"wp-block-media-text__media\"><img loading=\"lazy\" width=\"812\" height=\"542\" src=\"https:\/\/saidasekizai.com\/wp-content\/uploads\/2020\/11\/sandstone.jpg\" alt=\"\" class=\"wp-image-930\" srcset=\"https:\/\/saidasekizai.com\/wp-content\/uploads\/2020\/11\/sandstone.jpg 812w, https:\/\/saidasekizai.com\/wp-content\/uploads\/2020\/11\/sandstone-300x200.jpg 300w, https:\/\/saidasekizai.com\/wp-content\/uploads\/2020\/11\/sandstone-768x513.jpg 768w\" sizes=\"(max-width: 812px) 100vw, 812px\" \/><\/figure><div class=\"wp-block-media-text__content\">\n<p class=\"has-small-font-size\">\u00c8 un tufo, un genere di roccia piroclastica derivata dall&#8217;indurimento delle ceneri vulcaniche. Essendo pi\u00f9 morbida del granito, \u00e8 piuttosto semplice da lavorare ma \u00e8 anche estremamente friabile. Prima dell&#8217;avvento della produzione meccanica, l&#8217;arena era usata spesso per le pietre tombali.<\/p>\n<\/div><\/div>\n\n\n\n<p><\/p>\n<\/div>\n<\/div>\n<\/div><\/div>\n","protected":false},"excerpt":{"rendered":"","protected":false},"author":1,"featured_media":931,"parent":0,"menu_order":0,"comment_status":"closed","ping_status":"closed","template":"templates\/template-cover.php","meta":{"_mi_skip_tracking":false,"_monsterinsights_sitenote_active":false,"_monsterinsights_sitenote_note":"","_monsterinsights_sitenote_category":0},"_links":{"self":[{"href":"https:\/\/saidasekizai.com\/it\/wp-json\/wp\/v2\/pages\/927"}],"collection":[{"href":"https:\/\/saidasekizai.com\/it\/wp-json\/wp\/v2\/pages"}],"about":[{"href":"https:\/\/saidasekizai.com\/it\/wp-json\/wp\/v2\/types\/page"}],"author":[{"embeddable":true,"href":"https:\/\/saidasekizai.com\/it\/wp-json\/wp\/v2\/users\/1"}],"replies":[{"embeddable":true,"href":"https:\/\/saidasekizai.com\/it\/wp-json\/wp\/v2\/comments?post=927"}],"version-history":[{"count":14,"href":"https:\/\/saidasekizai.com\/it\/wp-json\/wp\/v2\/pages\/927\/revisions"}],"predecessor-version":[{"id":1237,"href":"https:\/\/saidasekizai.com\/it\/wp-json\/wp\/v2\/pages\/927\/revisions\/1237"}],"wp:featuredmedia":[{"embeddable":true,"href":"https:\/\/saidasekizai.com\/it\/wp-json\/wp\/v2\/media\/931"}],"wp:attachment":[{"href":"https:\/\/saidasekizai.com\/it\/wp-json\/wp\/v2\/media?parent=927"}],"curies":[{"name":"wp","href":"https:\/\/api.w.org\/{rel}","templated":true}]}}